{"id":3,"date":"2021-09-29T16:03:28","date_gmt":"2021-09-29T16:03:28","guid":{"rendered":"http:\/\/thehome.redhencreative.co.uk\/?page_id=3"},"modified":"2021-10-18T16:25:37","modified_gmt":"2021-10-18T16:25:37","slug":"mentions-legales","status":"publish","type":"page","link":"https:\/\/thehome-immobiliere.com\/en\/mentions-legales","title":{"rendered":"Mentions l\u00e9gales"},"content":{"rendered":"<div data-elementor-type=\"wp-page\" data-elementor-id=\"3\" class=\"elementor elementor-3\">\n\t\t\t\t\t\t<section class=\"elementor-section elementor-top-section elementor-element elementor-element-357fdfd9 elementor-section-boxed elementor-section-height-default elementor-section-height-default\" data-id=\"357fdfd9\" data-element_type=\"section\">\n\t\t\t\t\t\t<div class=\"elementor-container elementor-column-gap-default\">\n\t\t\t\t\t<div class=\"elementor-column elementor-col-100 elementor-top-column elementor-element elementor-element-110ca920\" data-id=\"110ca920\" data-element_type=\"column\">\n\t\t\t<div class=\"elementor-widget-wrap elementor-element-populated\">\n\t\t\t\t\t\t<div class=\"elementor-element elementor-element-6e15f9a6 elementor-widget elementor-widget-text-editor\" data-id=\"6e15f9a6\" data-element_type=\"widget\" data-widget_type=\"text-editor.default\">\n\t\t\t\t<div class=\"elementor-widget-container\">\n\t\t\t\t\t\t\t\t\t<p><\/p>\n<h2 class=\"wp-block-heading\">Mentions l\u00e9gales<\/h2>\n<p>Raison sociale : THE HOME<\/p>\n<p>Forme sociale : SAS<\/p>\n<p>Si\u00e8ge social : Quartier Gardis, 13490 Jouques<\/p>\n<p>SIRET :&nbsp;89987858100011<\/p>\n<p>T\u00e9l\u00e9phone : 0652487747<\/p>\n<p>Directeur de la publication : Michael COHEN<\/p>\n<h2>Protection des donn\u00e9es personnelles<\/h2>\n<p>Le pr\u00e9sent site internet collecte les informations personnelles fournies par les utilisateurs \u00e0 l&#8217;occasion de leur visite sur le site.<\/p>\n<p>Cette collecte permet l&#8217;\u00e9tablissement de statistiques g\u00e9n\u00e9rales sur le trafic sur le site et l&#8217;envoi vers les adresses mails fournies par les utilisateurs de r\u00e9ponses, d&#8217;informations concernant leur projet immobilier ou annonces provenant de l&#8217;\u00e9diteur.<\/p>\n<p>La collecte et le traitement des informations personnelles sur internet doivent se faire dans le respect des droits fondamentaux des personnes. En cons\u00e9quence, l&#8217;\u00e9diteur s&#8217;engage \u00e0 une politique de traitement en conformit\u00e9 avec la loi n\u00b02004-575 du 21 juin 2004 pour la confiance dans l&#8217;\u00e9conomie num\u00e9rique et le r\u00e8glement g\u00e9n\u00e9ral europ\u00e9en pour la protection des donn\u00e9es.<\/p>\n<p>Tout utilisateur du site dispose d&#8217;un droit d&#8217;acc\u00e8s, modification, de rectification ou de suppression aux donn\u00e9es personnelles le concernant. Il peut exercer ces droits en contactant l&#8217;\u00e9diteur aux coordonn\u00e9es indiqu\u00e9es en haut de page.<\/p>\n<h2>La s\u00e9curit\u00e9 des \u00e9changes<\/h2>\n<p>L&#8217;\u00e9diteur du site s&#8217;engage \u00e0 prendre toutes les mesures juridiques et techniques pour s\u00e9curiser les \u00e9changes. L&#8217;\u00e9diteur s&#8217;engage \u00e0 une obligation de moyen pour bloquer les d\u00e9tournements de donn\u00e9es, et \u00e0 respecter les r\u00e9glementations applicables. N\u00e9anmoins, les utilisateurs du site connaissent les particularit\u00e9s techniques du r\u00e9seau internet et les risques aff\u00e9rents. Par cons\u00e9quent, l&#8217;\u00e9diteur ne peut garantir \u00e0 ses utilisateurs que les donn\u00e9es \u00e9chang\u00e9es via les services propos\u00e9s par le site ne soient pas r\u00e9colt\u00e9es de fa\u00e7on frauduleuse par des tiers.<\/p>\n<h2>R\u00e8glement g\u00e9n\u00e9ral sur la protection des donn\u00e9es (RGPD)<\/h2>\n<p>Les informations renseign\u00e9es dans le formulaire sont recens\u00e9es dans un fichier h\u00e9berg\u00e9 par l&#8217;\u00e9diteur Consortium Immobilier pour la soci\u00e9t\u00e9 Aix &amp; Provence afin que celle-ci puisse vous accompagner au sein de votre projet immobilier conform\u00e9ment \u00e0 votre demande.<\/p>\n<p>Vous disposez d&#8217;un droit d&#8217;acc\u00e8s, de rectification ou de suppression desdites donn\u00e9es renseign\u00e9es par vos soins \u00e0 tout moment sur simple demande envoy\u00e9e \u00e0 la soci\u00e9t\u00e9 Aix &amp; Provence via leur formulaire de contact.<\/p>\n<p>D\u00e8s lors l&#8217;\u00e9diteur du site vous communiquera, rectifiera ou supprimera vos donn\u00e9es. Nous vous rappelons qu&#8217;il existe une liste d&#8217;opposition au d\u00e9marchage t\u00e9l\u00e9phonique Bloctel sur laquelle vous pouvez vous enregistrer.<\/p>\n<p><\/p>\t\t\t\t\t\t\t\t<\/div>\n\t\t\t\t<\/div>\n\t\t\t\t\t<\/div>\n\t\t<\/div>\n\t\t\t\t\t<\/div>\n\t\t<\/section>\n\t\t\t\t<\/div>","protected":false},"excerpt":{"rendered":"<p>Mentions l\u00e9gales Raison sociale : THE HOME Forme sociale : SAS Si\u00e8ge social : Quartier Gardis, 13490 Jouques SIRET :&nbsp;89987858100011 T\u00e9l\u00e9phone : 0652487747 Directeur de la publication : Michael COHEN Protection des donn\u00e9es personnelles Le pr\u00e9sent site internet collecte les informations personnelles fournies par les utilisateurs \u00e0 l&#8217;occasion de leur visite sur le site. Cette [&hellip;]<\/p>","protected":false},"author":1,"featured_media":0,"parent":0,"menu_order":0,"comment_status":"closed","ping_status":"open","template":"","meta":{"inline_featured_image":false,"_monsterinsights_skip_tracking":false,"_monsterinsights_sitenote_active":false,"_monsterinsights_sitenote_note":"","_monsterinsights_sitenote_category":0,"footnotes":""},"class_list":["post-3","page","type-page","status-publish","hentry"],"_links":{"self":[{"href":"https:\/\/thehome-immobiliere.com\/en\/wp-json\/wp\/v2\/pages\/3","targetHints":{"allow":["GET"]}}],"collection":[{"href":"https:\/\/thehome-immobiliere.com\/en\/wp-json\/wp\/v2\/pages"}],"about":[{"href":"https:\/\/thehome-immobiliere.com\/en\/wp-json\/wp\/v2\/types\/page"}],"author":[{"embeddable":true,"href":"https:\/\/thehome-immobiliere.com\/en\/wp-json\/wp\/v2\/users\/1"}],"replies":[{"embeddable":true,"href":"https:\/\/thehome-immobiliere.com\/en\/wp-json\/wp\/v2\/comments?post=3"}],"version-history":[{"count":13,"href":"https:\/\/thehome-immobiliere.com\/en\/wp-json\/wp\/v2\/pages\/3\/revisions"}],"predecessor-version":[{"id":3416,"href":"https:\/\/thehome-immobiliere.com\/en\/wp-json\/wp\/v2\/pages\/3\/revisions\/3416"}],"wp:attachment":[{"href":"https:\/\/thehome-immobiliere.com\/en\/wp-json\/wp\/v2\/media?parent=3"}],"curies":[{"name":"wp","href":"https:\/\/api.w.org\/{rel}","templated":true}]}}