{"id":3489,"date":"2021-10-19T10:56:42","date_gmt":"2021-10-19T10:56:42","guid":{"rendered":"https:\/\/thehome.redhencreative.co.uk\/?page_id=3489"},"modified":"2021-11-08T10:30:27","modified_gmt":"2021-11-08T10:30:27","slug":"financement","status":"publish","type":"page","link":"https:\/\/thehome-immobiliere.com\/en\/financement","title":{"rendered":"Finance"},"content":{"rendered":"<div data-elementor-type=\"wp-page\" data-elementor-id=\"3489\" class=\"elementor elementor-3489\">\n\t\t\t\t\t\t<section class=\"elementor-section elementor-top-section elementor-element elementor-element-47c868e elementor-section-boxed elementor-section-height-default elementor-section-height-default\" data-id=\"47c868e\" data-element_type=\"section\" data-settings=\"{&quot;background_background&quot;:&quot;classic&quot;}\">\n\t\t\t\t\t\t<div class=\"elementor-container elementor-column-gap-default\">\n\t\t\t\t\t<div class=\"elementor-column elementor-col-100 elementor-top-column elementor-element elementor-element-a940ce4\" data-id=\"a940ce4\" data-element_type=\"column\">\n\t\t\t<div class=\"elementor-widget-wrap elementor-element-populated\">\n\t\t\t\t\t\t<div class=\"elementor-element elementor-element-025fd9b elementor-invisible elementor-widget elementor-widget-image\" data-id=\"025fd9b\" data-element_type=\"widget\" data-settings=\"{&quot;_animation&quot;:&quot;fadeIn&quot;}\" data-widget_type=\"image.default\">\n\t\t\t\t<div class=\"elementor-widget-container\">\n\t\t\t\t\t\t\t\t\t\t\t\t\t\t\t<img fetchpriority=\"high\" decoding=\"async\" width=\"567\" height=\"354\" src=\"https:\/\/thehome-immobiliere.com\/wp-content\/uploads\/2021\/11\/Animated-house-small.gif\" class=\"attachment-full size-full wp-image-3698\" alt=\"\" \/>\t\t\t\t\t\t\t\t\t\t\t\t\t\t\t<\/div>\n\t\t\t\t<\/div>\n\t\t\t\t\t<\/div>\n\t\t<\/div>\n\t\t\t\t\t<\/div>\n\t\t<\/section>\n\t\t\t\t<section class=\"elementor-section elementor-top-section elementor-element elementor-element-a74a90a elementor-section-boxed elementor-section-height-default elementor-section-height-default\" data-id=\"a74a90a\" data-element_type=\"section\" data-settings=\"{&quot;background_background&quot;:&quot;classic&quot;}\">\n\t\t\t\t\t\t<div class=\"elementor-container elementor-column-gap-default\">\n\t\t\t\t\t<div class=\"elementor-column elementor-col-100 elementor-top-column elementor-element elementor-element-2f7beac\" data-id=\"2f7beac\" data-element_type=\"column\">\n\t\t\t<div class=\"elementor-widget-wrap elementor-element-populated\">\n\t\t\t\t\t\t<div class=\"elementor-element elementor-element-251d15e elementor-invisible elementor-widget elementor-widget-heading\" data-id=\"251d15e\" data-element_type=\"widget\" data-settings=\"{&quot;_animation&quot;:&quot;fadeInDown&quot;}\" data-widget_type=\"heading.default\">\n\t\t\t\t<div class=\"elementor-widget-container\">\n\t\t\t\t\t<h1 class=\"elementor-heading-title elementor-size-default\">Need advice on financing your new home?<\/h1>\t\t\t\t<\/div>\n\t\t\t\t<\/div>\n\t\t\t\t\t<\/div>\n\t\t<\/div>\n\t\t\t\t\t<\/div>\n\t\t<\/section>\n\t\t\t\t<section class=\"elementor-section elementor-top-section elementor-element elementor-element-a332863 elementor-section-boxed elementor-section-height-default elementor-section-height-default\" data-id=\"a332863\" data-element_type=\"section\" data-settings=\"{&quot;background_background&quot;:&quot;classic&quot;}\">\n\t\t\t\t\t\t<div class=\"elementor-container elementor-column-gap-default\">\n\t\t\t\t\t<div class=\"elementor-column elementor-col-50 elementor-top-column elementor-element elementor-element-792fa11\" data-id=\"792fa11\" data-element_type=\"column\">\n\t\t\t<div class=\"elementor-widget-wrap elementor-element-populated\">\n\t\t\t\t\t\t<div class=\"elementor-element elementor-element-862119b elementor-invisible elementor-widget elementor-widget-image\" data-id=\"862119b\" data-element_type=\"widget\" data-settings=\"{&quot;_animation&quot;:&quot;fadeInLeft&quot;}\" data-widget_type=\"image.default\">\n\t\t\t\t<div class=\"elementor-widget-container\">\n\t\t\t\t\t\t\t\t\t\t\t\t\t\t\t<img decoding=\"async\" width=\"768\" height=\"1024\" src=\"https:\/\/thehome-immobiliere.com\/wp-content\/uploads\/2021\/10\/finance-image-768x1024.jpg\" class=\"attachment-large size-large wp-image-3502\" alt=\"\" srcset=\"https:\/\/thehome-immobiliere.com\/wp-content\/uploads\/2021\/10\/finance-image-768x1024.jpg 768w, https:\/\/thehome-immobiliere.com\/wp-content\/uploads\/2021\/10\/finance-image-225x300.jpg 225w, https:\/\/thehome-immobiliere.com\/wp-content\/uploads\/2021\/10\/finance-image-9x12.jpg 9w, https:\/\/thehome-immobiliere.com\/wp-content\/uploads\/2021\/10\/finance-image-450x600.jpg 450w, https:\/\/thehome-immobiliere.com\/wp-content\/uploads\/2021\/10\/finance-image-496x662.jpg 496w, https:\/\/thehome-immobiliere.com\/wp-content\/uploads\/2021\/10\/finance-image-18x24.jpg 18w, https:\/\/thehome-immobiliere.com\/wp-content\/uploads\/2021\/10\/finance-image-27x36.jpg 27w, https:\/\/thehome-immobiliere.com\/wp-content\/uploads\/2021\/10\/finance-image-36x48.jpg 36w, https:\/\/thehome-immobiliere.com\/wp-content\/uploads\/2021\/10\/finance-image.jpg 800w\" sizes=\"(max-width: 768px) 100vw, 768px\" \/>\t\t\t\t\t\t\t\t\t\t\t\t\t\t\t<\/div>\n\t\t\t\t<\/div>\n\t\t\t\t\t<\/div>\n\t\t<\/div>\n\t\t\t\t<div class=\"elementor-column elementor-col-50 elementor-top-column elementor-element elementor-element-e889f50\" data-id=\"e889f50\" data-element_type=\"column\">\n\t\t\t<div class=\"elementor-widget-wrap elementor-element-populated\">\n\t\t\t\t\t\t<div class=\"elementor-element elementor-element-0cd268c elementor-invisible elementor-widget elementor-widget-text-editor\" data-id=\"0cd268c\" data-element_type=\"widget\" data-settings=\"{&quot;_animation&quot;:&quot;fadeInUp&quot;}\" data-widget_type=\"text-editor.default\">\n\t\t\t\t<div class=\"elementor-widget-container\">\n\t\t\t\t\t\t\t\t\t<p>So you\u2019ve found the ideal home, but how do you go about financing it? There are so many things to consider and routes to buying your home in Provence, yet it can be daunting as a foreigner knowing which is the best solution. The Home is fortunate in that we partner with financial experts who can guide you through the buying process.<\/p>\n<p>Are you looking to buy a new home, a rustic gite or a building plot?<\/p>\n<p>At The Home we are experienced estate agents, specialising in selling homes throughout the PACA region, Bouche du Rhone, Aix en Provence, the Luberon, Cassis, La Ciotat, and we can help you at every stage of your project.<\/p>\n<p class=\"translation-block\">Searching for your idyllic home in Provence is the easy part. There are so many to choose from. However the difficult part is considering how to finance it, should you need to.<\/p>\n<p class=\"translation-block\">This is the essential step that will determine, on the one hand, your borrowing capacity to make your dream come true, and the type of property you can afford.<\/p>\n<p class=\"translation-block\">At The Home we\u2019ll demystify the process so that it\u2019s clear what your financial options are, and we\u2019ll of course put you in contact with financial specialists who can help you further, so that you can become a homeowner.<\/p>\n<p><\/p>\n<p><br><\/p>\t\t\t\t\t\t\t\t<\/div>\n\t\t\t\t<\/div>\n\t\t\t\t\t<\/div>\n\t\t<\/div>\n\t\t\t\t\t<\/div>\n\t\t<\/section>\n\t\t\t\t<\/div>","protected":false},"excerpt":{"rendered":"<p>Vous accompagner dans votre projet immobilier \u00c7a y est&nbsp;! Vous avez trouv\u00e9 la maison id\u00e9ale, mais comment la financer ? Il y a tellement de choses \u00e0 consid\u00e9rer et de voies \u00e0 suivre pour acheter votre maison en Provence, mais il peut \u00eatre difficile de savoir quelle est la meilleure solution. The Home, agence immobili\u00e8re [&hellip;]<\/p>","protected":false},"author":1,"featured_media":0,"parent":0,"menu_order":0,"comment_status":"closed","ping_status":"closed","template":"elementor_header_footer","meta":{"inline_featured_image":false,"_monsterinsights_skip_tracking":false,"_monsterinsights_sitenote_active":false,"_monsterinsights_sitenote_note":"","_monsterinsights_sitenote_category":0,"footnotes":""},"class_list":["post-3489","page","type-page","status-publish","hentry"],"_links":{"self":[{"href":"https:\/\/thehome-immobiliere.com\/en\/wp-json\/wp\/v2\/pages\/3489","targetHints":{"allow":["GET"]}}],"collection":[{"href":"https:\/\/thehome-immobiliere.com\/en\/wp-json\/wp\/v2\/pages"}],"about":[{"href":"https:\/\/thehome-immobiliere.com\/en\/wp-json\/wp\/v2\/types\/page"}],"author":[{"embeddable":true,"href":"https:\/\/thehome-immobiliere.com\/en\/wp-json\/wp\/v2\/users\/1"}],"replies":[{"embeddable":true,"href":"https:\/\/thehome-immobiliere.com\/en\/wp-json\/wp\/v2\/comments?post=3489"}],"version-history":[{"count":37,"href":"https:\/\/thehome-immobiliere.com\/en\/wp-json\/wp\/v2\/pages\/3489\/revisions"}],"predecessor-version":[{"id":3710,"href":"https:\/\/thehome-immobiliere.com\/en\/wp-json\/wp\/v2\/pages\/3489\/revisions\/3710"}],"wp:attachment":[{"href":"https:\/\/thehome-immobiliere.com\/en\/wp-json\/wp\/v2\/media?parent=3489"}],"curies":[{"name":"wp","href":"https:\/\/api.w.org\/{rel}","templated":true}]}}